{"id":2,"date":"2022-11-25T12:27:45","date_gmt":"2022-11-25T12:27:45","guid":{"rendered":"https:\/\/poco.fahnenrichter.de\/?page_id=2"},"modified":"2022-11-25T12:38:43","modified_gmt":"2022-11-25T12:38:43","slug":"home","status":"publish","type":"page","link":"https:\/\/poco.fahnenrichter.de\/","title":{"rendered":"Home"},"content":{"rendered":"\n<figure class=\"wp-block-image size-full is-resized\"><img loading=\"lazy\" decoding=\"async\" src=\"https:\/\/poco.fahnenrichter.de\/wp-content\/uploads\/2022\/11\/fari_logo_shop_v1.jpeg\" alt=\"\" class=\"wp-image-14\" width=\"291\" height=\"61\"\/><\/figure>\n\n\n\n<p>Liebe POCO-Kunden,<\/p>\n\n\n\n<p>ab sofort sind unsere POCO-Artikel ausschlie\u00dflich \u00fcber den POCO Betriebsmittelshop verf\u00fcgbar. Wir erhalten Ihre Bestellung, sobald diese \u00fcber den Betriebsmittelshop erfolgt ist. Ab dann nimmt Ihr Auftrag den gewohnten Verlauf.<\/p>\n\n\n\n<p>Ihr FahnenRichter-Team<\/p>\n","protected":false},"excerpt":{"rendered":"<p>Liebe POCO-Kunden, ab sofort sind unsere POCO-Artikel ausschlie\u00dflich \u00fcber den POCO Betriebsmittelshop verf\u00fcgbar. Wir erhalten Ihre Bestellung, sobald diese \u00fcber den Betriebsmittelshop erfolgt ist. Ab dann nimmt Ihr Auftrag den gewohnten Verlauf. Ihr FahnenRichter-Team<\/p>\n","protected":false},"author":1,"featured_media":0,"parent":0,"menu_order":0,"comment_status":"closed","ping_status":"open","template":"","meta":{"footnotes":""},"class_list":["post-2","page","type-page","status-publish","hentry"],"_links":{"self":[{"href":"https:\/\/poco.fahnenrichter.de\/index.php\/wp-json\/wp\/v2\/pages\/2","targetHints":{"allow":["GET"]}}],"collection":[{"href":"https:\/\/poco.fahnenrichter.de\/index.php\/wp-json\/wp\/v2\/pages"}],"about":[{"href":"https:\/\/poco.fahnenrichter.de\/index.php\/wp-json\/wp\/v2\/types\/page"}],"author":[{"embeddable":true,"href":"https:\/\/poco.fahnenrichter.de\/index.php\/wp-json\/wp\/v2\/users\/1"}],"replies":[{"embeddable":true,"href":"https:\/\/poco.fahnenrichter.de\/index.php\/wp-json\/wp\/v2\/comments?post=2"}],"version-history":[{"count":3,"href":"https:\/\/poco.fahnenrichter.de\/index.php\/wp-json\/wp\/v2\/pages\/2\/revisions"}],"predecessor-version":[{"id":15,"href":"https:\/\/poco.fahnenrichter.de\/index.php\/wp-json\/wp\/v2\/pages\/2\/revisions\/15"}],"wp:attachment":[{"href":"https:\/\/poco.fahnenrichter.de\/index.php\/wp-json\/wp\/v2\/media?parent=2"}],"curies":[{"name":"wp","href":"https:\/\/api.w.org\/{rel}","templated":true}]}}